{"id":1332,"date":"2023-07-20T10:28:54","date_gmt":"2023-07-20T08:28:54","guid":{"rendered":"https:\/\/beauteserenite.fr\/kontaktieren-sie-uns\/"},"modified":"2026-03-20T14:57:06","modified_gmt":"2026-03-20T13:57:06","slug":"kontaktieren-sie-uns","status":"publish","type":"page","link":"https:\/\/beauteserenite.fr\/de\/kontaktieren-sie-uns\/","title":{"rendered":"Kontaktieren Sie uns"},"content":{"rendered":"\t\t<div data-elementor-type=\"wp-page\" data-elementor-id=\"1332\" class=\"elementor elementor-1332 elementor-27\" data-elementor-post-type=\"page\">\n\t\t\t\t<div class=\"elementor-element elementor-element-7c39b3c4 e-con-full e-flex e-con e-parent\" data-id=\"7c39b3c4\" data-element_type=\"container\" data-settings=\"{&quot;background_background&quot;:&quot;classic&quot;}\">\n\t\t<div class=\"elementor-element elementor-element-20fb4d6e e-flex e-con-boxed e-con e-child\" data-id=\"20fb4d6e\" data-element_type=\"container\">\n\t\t\t\t\t<div class=\"e-con-inner\">\n\t\t<div class=\"elementor-element elementor-element-185c4c74 elementor-hidden-mobile e-flex e-con-boxed e-con e-child\" data-id=\"185c4c74\" data-element_type=\"container\">\n\t\t\t\t\t<div class=\"e-con-inner\">\n\t\t\t\t<div class=\"elementor-element elementor-element-4d03740 elementor-widget elementor-widget-image\" data-id=\"4d03740\" data-element_type=\"widget\" data-settings=\"{&quot;motion_fx_motion_fx_mouse&quot;:&quot;yes&quot;,&quot;motion_fx_mouseTrack_effect&quot;:&quot;yes&quot;,&quot;motion_fx_mouseTrack_speed&quot;:{&quot;unit&quot;:&quot;px&quot;,&quot;size&quot;:0.1000000000000000055511151231257827021181583404541015625,&quot;sizes&quot;:[]}}\" data-widget_type=\"image.default\">\n\t\t\t\t<div class=\"elementor-widget-container\">\n\t\t\t<style>\/*! elementor - v3.21.0 - 08-05-2024 *\/\n.elementor-widget-image{text-align:center}.elementor-widget-image a{display:inline-block}.elementor-widget-image a img[src$=\".svg\"]{width:48px}.elementor-widget-image img{vertical-align:middle;display:inline-block}<\/style>\t\t\t\t\t\t\t\t\t\t<img fetchpriority=\"high\" decoding=\"async\" width=\"675\" height=\"450\" src=\"https:\/\/beauteserenite.fr\/wp-content\/uploads\/2023\/11\/Contactez-nous.webp\" class=\"attachment-large size-large wp-image-1333\" alt=\"Kontaktieren Sie uns\" srcset=\"https:\/\/beauteserenite.fr\/wp-content\/uploads\/2023\/11\/Contactez-nous.webp 675w, https:\/\/beauteserenite.fr\/wp-content\/uploads\/2023\/11\/Contactez-nous-300x200.webp 300w\" sizes=\"(max-width: 675px) 100vw, 675px\" \/>\t\t\t\t\t\t\t\t\t\t\t\t\t<\/div>\n\t\t\t\t<\/div>\n\t\t\t\t\t<\/div>\n\t\t\t\t<\/div>\n\t\t<div class=\"elementor-element elementor-element-5f77d338 e-flex e-con-boxed e-con e-child\" data-id=\"5f77d338\" data-element_type=\"container\">\n\t\t\t\t\t<div class=\"e-con-inner\">\n\t\t\t\t<div class=\"elementor-element elementor-element-656f828e elementor-widget elementor-widget-heading\" data-id=\"656f828e\" data-element_type=\"widget\" data-widget_type=\"heading.default\">\n\t\t\t\t<div class=\"elementor-widget-container\">\n\t\t\t<style>\/*! elementor - v3.21.0 - 08-05-2024 *\/\n.elementor-heading-title{padding:0;margin:0;line-height:1}.elementor-widget-heading .elementor-heading-title[class*=elementor-size-]>a{color:inherit;font-size:inherit;line-height:inherit}.elementor-widget-heading .elementor-heading-title.elementor-size-small{font-size:15px}.elementor-widget-heading .elementor-heading-title.elementor-size-medium{font-size:19px}.elementor-widget-heading .elementor-heading-title.elementor-size-large{font-size:29px}.elementor-widget-heading .elementor-heading-title.elementor-size-xl{font-size:39px}.elementor-widget-heading .elementor-heading-title.elementor-size-xxl{font-size:59px}<\/style><h1 class=\"elementor-heading-title elementor-size-default\">Kontakt<\/h1>\t\t<\/div>\n\t\t\t\t<\/div>\n\t\t\t\t\t<\/div>\n\t\t\t\t<\/div>\n\t\t\t\t\t<\/div>\n\t\t\t\t<\/div>\n\t\t\t\t<\/div>\n\t\t<div class=\"elementor-element elementor-element-9b110c7 e-flex e-con-boxed e-con e-parent\" data-id=\"9b110c7\" data-element_type=\"container\">\n\t\t\t\t\t<div class=\"e-con-inner\">\n\t\t<div class=\"elementor-element elementor-element-d8c4f64 e-flex e-con-boxed e-con e-child\" data-id=\"d8c4f64\" data-element_type=\"container\">\n\t\t\t\t\t<div class=\"e-con-inner\">\n\t\t<div class=\"elementor-element elementor-element-687829b e-con-full e-flex e-con e-child\" data-id=\"687829b\" data-element_type=\"container\" data-settings=\"{&quot;background_background&quot;:&quot;classic&quot;}\">\n\t\t\t\t<div class=\"elementor-element elementor-element-25f6d2c elementor-widget elementor-widget-shortcode\" data-id=\"25f6d2c\" data-element_type=\"widget\" data-widget_type=\"shortcode.default\">\n\t\t\t\t<div class=\"elementor-widget-container\">\n\t\t\t\t\t<div class=\"elementor-shortcode\">\n<div class=\"wpcf7 no-js\" id=\"wpcf7-f1416-o1\" lang=\"de-DE\" dir=\"ltr\">\n<div class=\"screen-reader-response\"><p role=\"status\" aria-live=\"polite\" aria-atomic=\"true\"><\/p> <ul><\/ul><\/div>\n<form action=\"\/de\/wp-json\/wp\/v2\/pages\/1332#wpcf7-f1416-o1\" method=\"post\" class=\"wpcf7-form init\" aria-label=\"Kontaktformular\" novalidate=\"novalidate\" data-status=\"init\">\n<div style=\"display: none;\">\n<input type=\"hidden\" name=\"_wpcf7\" value=\"1416\" \/>\n<input type=\"hidden\" name=\"_wpcf7_version\" value=\"5.9.4\" \/>\n<input type=\"hidden\" name=\"_wpcf7_locale\" value=\"de_DE\" \/>\n<input type=\"hidden\" name=\"_wpcf7_unit_tag\" value=\"wpcf7-f1416-o1\" \/>\n<input type=\"hidden\" name=\"_wpcf7_container_post\" value=\"0\" \/>\n<input type=\"hidden\" name=\"_wpcf7_posted_data_hash\" value=\"\" \/>\n<\/div>\n<p><label> Ihr Name<br \/>\n<span class=\"wpcf7-form-control-wrap\" data-name=\"your-name\"><input size=\"40\" class=\"wpcf7-form-control wpcf7-text wpcf7-validates-as-required\" autocomplete=\"name\" aria-required=\"true\" aria-invalid=\"false\" value=\"\" type=\"text\" name=\"your-name\" \/><\/span> <\/label>\n<\/p>\n<p><label> Ihre E-Mail-Adresse<br \/>\n<span class=\"wpcf7-form-control-wrap\" data-name=\"your-email\"><input size=\"40\" class=\"wpcf7-form-control wpcf7-email wpcf7-validates-as-required wpcf7-text wpcf7-validates-as-email\" autocomplete=\"email\" aria-required=\"true\" aria-invalid=\"false\" value=\"\" type=\"email\" name=\"your-email\" \/><\/span> <\/label>\n<\/p>\n<p><label> Objekt<br \/>\n<span class=\"wpcf7-form-control-wrap\" data-name=\"your-subject\"><input size=\"40\" class=\"wpcf7-form-control wpcf7-text wpcf7-validates-as-required\" aria-required=\"true\" aria-invalid=\"false\" value=\"\" type=\"text\" name=\"your-subject\" \/><\/span> <\/label>\n<\/p>\n<p><label> Ihre Nachricht (optional)<br \/>\n<span class=\"wpcf7-form-control-wrap\" data-name=\"your-message\"><textarea cols=\"40\" rows=\"10\" class=\"wpcf7-form-control wpcf7-textarea\" aria-invalid=\"false\" name=\"your-message\"><\/textarea><\/span> <\/label>\n<\/p>\n<p><input class=\"wpcf7-form-control wpcf7-submit has-spinner\" type=\"submit\" value=\"Senden Sie\" \/>\n<\/p><div class=\"wpcf7-response-output\" aria-hidden=\"true\"><\/div>\n<\/form>\n<\/div>\n<\/div>\n\t\t\t\t<\/div>\n\t\t\t\t<\/div>\n\t\t\t\t<div class=\"elementor-element elementor-element-39468d7 elementor-widget elementor-widget-html\" data-id=\"39468d7\" data-element_type=\"widget\" data-widget_type=\"html.default\">\n\t\t\t\t<div class=\"elementor-widget-container\">\n\t\t\t<!-- c5bc82a594ce9936ba43d6841b195659 -->\t\t<\/div>\n\t\t\t\t<\/div>\n\t\t\t\t<\/div>\n\t\t\t\t\t<\/div>\n\t\t\t\t<\/div>\n\t\t\t\t\t<\/div>\n\t\t\t\t<\/div>\n\t\t\t\t<\/div>\n\t\t","protected":false},"excerpt":{"rendered":"<p>Kontakt<\/p>\n","protected":false},"author":1,"featured_media":0,"parent":0,"menu_order":0,"comment_status":"closed","ping_status":"closed","template":"","meta":{"footnotes":""},"class_list":["post-1332","page","type-page","status-publish","hentry"],"yoast_head":"<!-- This site is optimized with the Yoast SEO plugin v22.6 - https:\/\/yoast.com\/wordpress\/plugins\/seo\/ -->\n<title>Kontaktieren Sie uns - Beaute Serenite<\/title>\n<meta name=\"robots\" content=\"index, follow, max-snippet:-1, max-image-preview:large, max-video-preview:-1\" \/>\n<link rel=\"canonical\" href=\"https:\/\/beauteserenite.fr\/de\/kontaktieren-sie-uns\/\" \/>\n<meta property=\"og:locale\" content=\"de_DE\" \/>\n<meta property=\"og:type\" content=\"article\" \/>\n<meta property=\"og:title\" content=\"Kontaktieren Sie uns - Beaute Serenite\" \/>\n<meta property=\"og:description\" content=\"Kontakt\" \/>\n<meta property=\"og:url\" content=\"https:\/\/beauteserenite.fr\/de\/kontaktieren-sie-uns\/\" \/>\n<meta property=\"og:site_name\" content=\"Beaute Serenite\" \/>\n<meta property=\"article:modified_time\" content=\"2026-03-20T13:57:06+00:00\" \/>\n<meta property=\"og:image\" content=\"https:\/\/beauteserenite.fr\/wp-content\/uploads\/2023\/11\/Contactez-nous.webp\" \/>\n<meta name=\"twitter:card\" content=\"summary_large_image\" \/>\n<script type=\"application\/ld+json\" class=\"yoast-schema-graph\">{\"@context\":\"https:\/\/schema.org\",\"@graph\":[{\"@type\":\"WebPage\",\"@id\":\"https:\/\/beauteserenite.fr\/de\/kontaktieren-sie-uns\/\",\"url\":\"https:\/\/beauteserenite.fr\/de\/kontaktieren-sie-uns\/\",\"name\":\"Kontaktieren Sie uns - Beaute Serenite\",\"isPartOf\":{\"@id\":\"https:\/\/beauteserenite.fr\/de\/#website\"},\"primaryImageOfPage\":{\"@id\":\"https:\/\/beauteserenite.fr\/de\/kontaktieren-sie-uns\/#primaryimage\"},\"image\":{\"@id\":\"https:\/\/beauteserenite.fr\/de\/kontaktieren-sie-uns\/#primaryimage\"},\"thumbnailUrl\":\"https:\/\/beauteserenite.fr\/wp-content\/uploads\/2023\/11\/Contactez-nous.webp\",\"datePublished\":\"2023-07-20T08:28:54+00:00\",\"dateModified\":\"2026-03-20T13:57:06+00:00\",\"breadcrumb\":{\"@id\":\"https:\/\/beauteserenite.fr\/de\/kontaktieren-sie-uns\/#breadcrumb\"},\"inLanguage\":\"de\",\"potentialAction\":[{\"@type\":\"ReadAction\",\"target\":[\"https:\/\/beauteserenite.fr\/de\/kontaktieren-sie-uns\/\"]}]},{\"@type\":\"ImageObject\",\"inLanguage\":\"de\",\"@id\":\"https:\/\/beauteserenite.fr\/de\/kontaktieren-sie-uns\/#primaryimage\",\"url\":\"https:\/\/beauteserenite.fr\/wp-content\/uploads\/2023\/11\/Contactez-nous.webp\",\"contentUrl\":\"https:\/\/beauteserenite.fr\/wp-content\/uploads\/2023\/11\/Contactez-nous.webp\"},{\"@type\":\"BreadcrumbList\",\"@id\":\"https:\/\/beauteserenite.fr\/de\/kontaktieren-sie-uns\/#breadcrumb\",\"itemListElement\":[{\"@type\":\"ListItem\",\"position\":1,\"name\":\"Accueil\",\"item\":\"https:\/\/beauteserenite.fr\/de\/willkommen-auf-meinem-blog-ueber-schoenheit-und-koerperpflege-2\/\"},{\"@type\":\"ListItem\",\"position\":2,\"name\":\"Kontaktieren Sie uns\"}]},{\"@type\":\"WebSite\",\"@id\":\"https:\/\/beauteserenite.fr\/de\/#website\",\"url\":\"https:\/\/beauteserenite.fr\/de\/\",\"name\":\"Beaute Serenite\",\"description\":\"R\u00e9v\u00e9lez votre beaut\u00e9 int\u00e9rieure et ext\u00e9rieure en toute s\u00e9r\u00e9nit\u00e9 !\",\"potentialAction\":[{\"@type\":\"SearchAction\",\"target\":{\"@type\":\"EntryPoint\",\"urlTemplate\":\"https:\/\/beauteserenite.fr\/de\/?s={search_term_string}\"},\"query-input\":\"required name=search_term_string\"}],\"inLanguage\":\"de\"}]}<\/script>\n<!-- \/ Yoast SEO plugin. -->","yoast_head_json":{"title":"Kontaktieren Sie uns - Beaute Serenite","robots":{"index":"index","follow":"follow","max-snippet":"max-snippet:-1","max-image-preview":"max-image-preview:large","max-video-preview":"max-video-preview:-1"},"canonical":"https:\/\/beauteserenite.fr\/de\/kontaktieren-sie-uns\/","og_locale":"de_DE","og_type":"article","og_title":"Kontaktieren Sie uns - Beaute Serenite","og_description":"Kontakt","og_url":"https:\/\/beauteserenite.fr\/de\/kontaktieren-sie-uns\/","og_site_name":"Beaute Serenite","article_modified_time":"2026-03-20T13:57:06+00:00","og_image":[{"url":"https:\/\/beauteserenite.fr\/wp-content\/uploads\/2023\/11\/Contactez-nous.webp"}],"twitter_card":"summary_large_image","schema":{"@context":"https:\/\/schema.org","@graph":[{"@type":"WebPage","@id":"https:\/\/beauteserenite.fr\/de\/kontaktieren-sie-uns\/","url":"https:\/\/beauteserenite.fr\/de\/kontaktieren-sie-uns\/","name":"Kontaktieren Sie uns - Beaute Serenite","isPartOf":{"@id":"https:\/\/beauteserenite.fr\/de\/#website"},"primaryImageOfPage":{"@id":"https:\/\/beauteserenite.fr\/de\/kontaktieren-sie-uns\/#primaryimage"},"image":{"@id":"https:\/\/beauteserenite.fr\/de\/kontaktieren-sie-uns\/#primaryimage"},"thumbnailUrl":"https:\/\/beauteserenite.fr\/wp-content\/uploads\/2023\/11\/Contactez-nous.webp","datePublished":"2023-07-20T08:28:54+00:00","dateModified":"2026-03-20T13:57:06+00:00","breadcrumb":{"@id":"https:\/\/beauteserenite.fr\/de\/kontaktieren-sie-uns\/#breadcrumb"},"inLanguage":"de","potentialAction":[{"@type":"ReadAction","target":["https:\/\/beauteserenite.fr\/de\/kontaktieren-sie-uns\/"]}]},{"@type":"ImageObject","inLanguage":"de","@id":"https:\/\/beauteserenite.fr\/de\/kontaktieren-sie-uns\/#primaryimage","url":"https:\/\/beauteserenite.fr\/wp-content\/uploads\/2023\/11\/Contactez-nous.webp","contentUrl":"https:\/\/beauteserenite.fr\/wp-content\/uploads\/2023\/11\/Contactez-nous.webp"},{"@type":"BreadcrumbList","@id":"https:\/\/beauteserenite.fr\/de\/kontaktieren-sie-uns\/#breadcrumb","itemListElement":[{"@type":"ListItem","position":1,"name":"Accueil","item":"https:\/\/beauteserenite.fr\/de\/willkommen-auf-meinem-blog-ueber-schoenheit-und-koerperpflege-2\/"},{"@type":"ListItem","position":2,"name":"Kontaktieren Sie uns"}]},{"@type":"WebSite","@id":"https:\/\/beauteserenite.fr\/de\/#website","url":"https:\/\/beauteserenite.fr\/de\/","name":"Beaute Serenite","description":"R\u00e9v\u00e9lez votre beaut\u00e9 int\u00e9rieure et ext\u00e9rieure en toute s\u00e9r\u00e9nit\u00e9 !","potentialAction":[{"@type":"SearchAction","target":{"@type":"EntryPoint","urlTemplate":"https:\/\/beauteserenite.fr\/de\/?s={search_term_string}"},"query-input":"required name=search_term_string"}],"inLanguage":"de"}]}},"_links":{"self":[{"href":"https:\/\/beauteserenite.fr\/de\/wp-json\/wp\/v2\/pages\/1332","targetHints":{"allow":["GET"]}}],"collection":[{"href":"https:\/\/beauteserenite.fr\/de\/wp-json\/wp\/v2\/pages"}],"about":[{"href":"https:\/\/beauteserenite.fr\/de\/wp-json\/wp\/v2\/types\/page"}],"author":[{"embeddable":true,"href":"https:\/\/beauteserenite.fr\/de\/wp-json\/wp\/v2\/users\/1"}],"replies":[{"embeddable":true,"href":"https:\/\/beauteserenite.fr\/de\/wp-json\/wp\/v2\/comments?post=1332"}],"version-history":[{"count":3,"href":"https:\/\/beauteserenite.fr\/de\/wp-json\/wp\/v2\/pages\/1332\/revisions"}],"predecessor-version":[{"id":1383,"href":"https:\/\/beauteserenite.fr\/de\/wp-json\/wp\/v2\/pages\/1332\/revisions\/1383"}],"wp:attachment":[{"href":"https:\/\/beauteserenite.fr\/de\/wp-json\/wp\/v2\/media?parent=1332"}],"curies":[{"name":"wp","href":"https:\/\/api.w.org\/{rel}","templated":true}]}}