{"id":1337,"date":"2023-07-20T10:33:32","date_gmt":"2023-07-20T08:33:32","guid":{"rendered":"https:\/\/beauteserenite.fr\/rechtliche-hinweise\/"},"modified":"2026-03-20T14:57:03","modified_gmt":"2026-03-20T13:57:03","slug":"rechtliche-hinweise","status":"publish","type":"page","link":"https:\/\/beauteserenite.fr\/de\/rechtliche-hinweise\/","title":{"rendered":"Rechtliche Hinweise"},"content":{"rendered":"\t\t<div data-elementor-type=\"wp-page\" data-elementor-id=\"1337\" class=\"elementor elementor-1337 elementor-32\" data-elementor-post-type=\"page\">\n\t\t\t\t<div class=\"elementor-element elementor-element-3958bc34 e-con-full e-flex e-con e-parent\" data-id=\"3958bc34\" data-element_type=\"container\" data-settings=\"{&quot;background_background&quot;:&quot;classic&quot;}\">\n\t\t<div class=\"elementor-element elementor-element-7e6db05d e-flex e-con-boxed e-con e-child\" data-id=\"7e6db05d\" data-element_type=\"container\">\n\t\t\t\t\t<div class=\"e-con-inner\">\n\t\t<div class=\"elementor-element elementor-element-53c740c8 e-flex e-con-boxed e-con e-child\" data-id=\"53c740c8\" data-element_type=\"container\">\n\t\t\t\t\t<div class=\"e-con-inner\">\n\t\t\t\t<div class=\"elementor-element elementor-element-37e0baf7 elementor-widget elementor-widget-heading\" data-id=\"37e0baf7\" data-element_type=\"widget\" data-widget_type=\"heading.default\">\n\t\t\t\t<div class=\"elementor-widget-container\">\n\t\t\t<style>\/*! elementor - v3.21.0 - 08-05-2024 *\/\n.elementor-heading-title{padding:0;margin:0;line-height:1}.elementor-widget-heading .elementor-heading-title[class*=elementor-size-]>a{color:inherit;font-size:inherit;line-height:inherit}.elementor-widget-heading .elementor-heading-title.elementor-size-small{font-size:15px}.elementor-widget-heading .elementor-heading-title.elementor-size-medium{font-size:19px}.elementor-widget-heading .elementor-heading-title.elementor-size-large{font-size:29px}.elementor-widget-heading .elementor-heading-title.elementor-size-xl{font-size:39px}.elementor-widget-heading .elementor-heading-title.elementor-size-xxl{font-size:59px}<\/style><h1 class=\"elementor-heading-title elementor-size-default\">Rechtliche Hinweise<\/h1>\t\t<\/div>\n\t\t\t\t<\/div>\n\t\t\t\t\t<\/div>\n\t\t\t\t<\/div>\n\t\t\t\t\t<\/div>\n\t\t\t\t<\/div>\n\t\t\t\t<\/div>\n\t\t<div class=\"elementor-element elementor-element-1ef20d3d e-flex e-con-boxed e-con e-parent\" data-id=\"1ef20d3d\" data-element_type=\"container\">\n\t\t\t\t\t<div class=\"e-con-inner\">\n\t\t<div class=\"elementor-element elementor-element-3f7c25d e-flex e-con-boxed e-con e-child\" data-id=\"3f7c25d\" data-element_type=\"container\">\n\t\t\t\t\t<div class=\"e-con-inner\">\n\t\t\t\t<div class=\"elementor-element elementor-element-76611bb2 elementor-widget elementor-widget-text-editor\" data-id=\"76611bb2\" data-element_type=\"widget\" data-widget_type=\"text-editor.default\">\n\t\t\t\t<div class=\"elementor-widget-container\">\n\t\t\t<style>\/*! elementor - v3.21.0 - 08-05-2024 *\/\n.elementor-widget-text-editor.elementor-drop-cap-view-stacked .elementor-drop-cap{background-color:#69727d;color:#fff}.elementor-widget-text-editor.elementor-drop-cap-view-framed .elementor-drop-cap{color:#69727d;border:3px solid;background-color:transparent}.elementor-widget-text-editor:not(.elementor-drop-cap-view-default) .elementor-drop-cap{margin-top:8px}.elementor-widget-text-editor:not(.elementor-drop-cap-view-default) .elementor-drop-cap-letter{width:1em;height:1em}.elementor-widget-text-editor .elementor-drop-cap{float:left;text-align:center;line-height:1;font-size:50px}.elementor-widget-text-editor .elementor-drop-cap-letter{display:inline-block}<\/style>\t\t\t\t<p><span style=\"text-decoration: underline;\"><\/span><\/p>\n<h3 class=\"wp-block-heading\"><strong>1. Gesetzliche Informationen<\/strong><\/h3>\n\n<p>Gem\u00e4\u00df Artikel 6-III und 19 des Gesetzes f\u00fcr Vertrauen in der digitalen Wirtschaft informieren wir Sie, dass diese Website von :<\/p>\n\n<p>OVH SAS mit einem Kapital von 10.069.020 \u20ac.<\/p>\n\n<p>RCS Lille M\u00e9tropole 424 761 419 00045<\/p>\n\n<p>APE-Code 2620Z<\/p>\n\n<p>MWST.-NR.: FR 22 424 761 419<\/p>\n\n<p>Eingetragener Sitz: 2 rue Kellermann &#8211; 59100 Roubaix &#8211; Frankreich<\/p>\n\n<h3 class=\"wp-block-heading\"><strong>2. Copyright und geistiges Eigentum<\/strong><\/h3>\n\n<p>Alle Elemente auf unserer Website sind durch die Bestimmungen des Gesetzes \u00fcber geistiges Eigentum gesch\u00fctzt. Daher ist jede vollst\u00e4ndige oder teilweise Vervielf\u00e4ltigung oder Nachahmung ohne unsere ausdr\u00fcckliche, vorherige und schriftliche Genehmigung untersagt. <\/p>\n\n<p>Es ist ausdr\u00fccklich verboten, die auf der Website verf\u00fcgbaren Informationen f\u00fcr kommerzielle Zwecke zu sammeln und zu nutzen.<\/p>\n\n<p>Dieses Verbot erstreckt sich insbesondere, aber nicht ausschlie\u00dflich, auf alle redaktionellen Elemente auf der Website, die Bildschirmdarstellung, die f\u00fcr den Betrieb erforderliche Software, Logos, Bilder, Fotos, Grafiken, welcher Art auch immer.<\/p>\n\n<h3 class=\"wp-block-heading\"><strong>3. Cookies<\/strong><\/h3>\n\n<p>Diese Website verwendet Cookies, und der Webserver sammelt Informationen dar\u00fcber, wie unsere Website genutzt wird. Zu den gesammelten Informationen geh\u00f6ren z.B. Datum und Uhrzeit der Besuche, die Anzahl der Seitenaufrufe und die Zeit, die Sie auf unserer Website verbringen. <\/p>\n\n<p>Die gesammelten Informationen werden nicht f\u00fcr andere Zwecke verwendet, insbesondere werden sie ohne Ihre Zustimmung nicht f\u00fcr kommerzielle Zwecke verwendet.<\/p>\n\n<p>Cookies sind kleine Textdateien, die eine anonyme Kennung enthalten. Wenn Sie eine Website besuchen, fragt die Website Ihren Computer um Erlaubnis, diese Datei in einem speziellen Cookie-Verzeichnis auf Ihrer Festplatte zu speichern. Um Ihre Privatsph\u00e4re zu sch\u00fctzen, erlaubt Ihr Browser einer Website jedoch nur den Zugriff auf das Cookie, das sie selbst gespeichert hat, und nicht auf Cookies, die von anderen Websites gespeichert wurden.  <\/p>\n\t\t\t\t\t\t<\/div>\n\t\t\t\t<\/div>\n\t\t\t\t\t<\/div>\n\t\t\t\t<\/div>\n\t\t\t\t\t<\/div>\n\t\t\t\t<\/div>\n\t\t\t\t<\/div>\n\t\t","protected":false},"excerpt":{"rendered":"<p>Rechtliche Hinweise 1. Gesetzliche Informationen Gem\u00e4\u00df Artikel 6-III und 19 des Gesetzes f\u00fcr Vertrauen in der digitalen Wirtschaft informieren wir Sie, dass diese Website von : OVH SAS mit einem Kapital von 10.069.020 \u20ac. RCS Lille M\u00e9tropole 424 761 419 00045 APE-Code 2620Z MWST.-NR.: FR 22 424 761 419 Eingetragener Sitz: 2 rue Kellermann &#8211; [&hellip;]<\/p>\n","protected":false},"author":1,"featured_media":0,"parent":0,"menu_order":0,"comment_status":"closed","ping_status":"closed","template":"","meta":{"footnotes":""},"class_list":["post-1337","page","type-page","status-publish","hentry"],"yoast_head":"<!-- This site is optimized with the Yoast SEO plugin v22.6 - https:\/\/yoast.com\/wordpress\/plugins\/seo\/ -->\n<title>Rechtliche Hinweise - Beaute Serenite<\/title>\n<meta name=\"robots\" content=\"noindex, nofollow\" \/>\n<meta property=\"og:locale\" content=\"de_DE\" \/>\n<meta property=\"og:type\" content=\"article\" \/>\n<meta property=\"og:title\" content=\"Rechtliche Hinweise - Beaute Serenite\" \/>\n<meta property=\"og:description\" content=\"Rechtliche Hinweise 1. Gesetzliche Informationen Gem\u00e4\u00df Artikel 6-III und 19 des Gesetzes f\u00fcr Vertrauen in der digitalen Wirtschaft informieren wir Sie, dass diese Website von : OVH SAS mit einem Kapital von 10.069.020 \u20ac. RCS Lille M\u00e9tropole 424 761 419 00045 APE-Code 2620Z MWST.-NR.: FR 22 424 761 419 Eingetragener Sitz: 2 rue Kellermann &#8211; [&hellip;]\" \/>\n<meta property=\"og:url\" content=\"https:\/\/beauteserenite.fr\/de\/rechtliche-hinweise\/\" \/>\n<meta property=\"og:site_name\" content=\"Beaute Serenite\" \/>\n<meta property=\"article:modified_time\" content=\"2026-03-20T13:57:03+00:00\" \/>\n<meta name=\"twitter:card\" content=\"summary_large_image\" \/>\n<meta name=\"twitter:label1\" content=\"Gesch\u00e4tzte Lesezeit\" \/>\n\t<meta name=\"twitter:data1\" content=\"1\u00a0Minute\" \/>\n<script type=\"application\/ld+json\" class=\"yoast-schema-graph\">{\"@context\":\"https:\/\/schema.org\",\"@graph\":[{\"@type\":\"WebPage\",\"@id\":\"https:\/\/beauteserenite.fr\/de\/rechtliche-hinweise\/\",\"url\":\"https:\/\/beauteserenite.fr\/de\/rechtliche-hinweise\/\",\"name\":\"Rechtliche Hinweise - Beaute Serenite\",\"isPartOf\":{\"@id\":\"https:\/\/beauteserenite.fr\/de\/#website\"},\"datePublished\":\"2023-07-20T08:33:32+00:00\",\"dateModified\":\"2026-03-20T13:57:03+00:00\",\"breadcrumb\":{\"@id\":\"https:\/\/beauteserenite.fr\/de\/rechtliche-hinweise\/#breadcrumb\"},\"inLanguage\":\"de\",\"potentialAction\":[{\"@type\":\"ReadAction\",\"target\":[\"https:\/\/beauteserenite.fr\/de\/rechtliche-hinweise\/\"]}]},{\"@type\":\"BreadcrumbList\",\"@id\":\"https:\/\/beauteserenite.fr\/de\/rechtliche-hinweise\/#breadcrumb\",\"itemListElement\":[{\"@type\":\"ListItem\",\"position\":1,\"name\":\"Accueil\",\"item\":\"https:\/\/beauteserenite.fr\/de\/willkommen-auf-meinem-blog-ueber-schoenheit-und-koerperpflege-2\/\"},{\"@type\":\"ListItem\",\"position\":2,\"name\":\"Rechtliche Hinweise\"}]},{\"@type\":\"WebSite\",\"@id\":\"https:\/\/beauteserenite.fr\/de\/#website\",\"url\":\"https:\/\/beauteserenite.fr\/de\/\",\"name\":\"Beaute Serenite\",\"description\":\"R\u00e9v\u00e9lez votre beaut\u00e9 int\u00e9rieure et ext\u00e9rieure en toute s\u00e9r\u00e9nit\u00e9 !\",\"potentialAction\":[{\"@type\":\"SearchAction\",\"target\":{\"@type\":\"EntryPoint\",\"urlTemplate\":\"https:\/\/beauteserenite.fr\/de\/?s={search_term_string}\"},\"query-input\":\"required name=search_term_string\"}],\"inLanguage\":\"de\"}]}<\/script>\n<!-- \/ Yoast SEO plugin. -->","yoast_head_json":{"title":"Rechtliche Hinweise - Beaute Serenite","robots":{"index":"noindex","follow":"nofollow"},"og_locale":"de_DE","og_type":"article","og_title":"Rechtliche Hinweise - Beaute Serenite","og_description":"Rechtliche Hinweise 1. Gesetzliche Informationen Gem\u00e4\u00df Artikel 6-III und 19 des Gesetzes f\u00fcr Vertrauen in der digitalen Wirtschaft informieren wir Sie, dass diese Website von : OVH SAS mit einem Kapital von 10.069.020 \u20ac. RCS Lille M\u00e9tropole 424 761 419 00045 APE-Code 2620Z MWST.-NR.: FR 22 424 761 419 Eingetragener Sitz: 2 rue Kellermann &#8211; [&hellip;]","og_url":"https:\/\/beauteserenite.fr\/de\/rechtliche-hinweise\/","og_site_name":"Beaute Serenite","article_modified_time":"2026-03-20T13:57:03+00:00","twitter_card":"summary_large_image","twitter_misc":{"Gesch\u00e4tzte Lesezeit":"1\u00a0Minute"},"schema":{"@context":"https:\/\/schema.org","@graph":[{"@type":"WebPage","@id":"https:\/\/beauteserenite.fr\/de\/rechtliche-hinweise\/","url":"https:\/\/beauteserenite.fr\/de\/rechtliche-hinweise\/","name":"Rechtliche Hinweise - Beaute Serenite","isPartOf":{"@id":"https:\/\/beauteserenite.fr\/de\/#website"},"datePublished":"2023-07-20T08:33:32+00:00","dateModified":"2026-03-20T13:57:03+00:00","breadcrumb":{"@id":"https:\/\/beauteserenite.fr\/de\/rechtliche-hinweise\/#breadcrumb"},"inLanguage":"de","potentialAction":[{"@type":"ReadAction","target":["https:\/\/beauteserenite.fr\/de\/rechtliche-hinweise\/"]}]},{"@type":"BreadcrumbList","@id":"https:\/\/beauteserenite.fr\/de\/rechtliche-hinweise\/#breadcrumb","itemListElement":[{"@type":"ListItem","position":1,"name":"Accueil","item":"https:\/\/beauteserenite.fr\/de\/willkommen-auf-meinem-blog-ueber-schoenheit-und-koerperpflege-2\/"},{"@type":"ListItem","position":2,"name":"Rechtliche Hinweise"}]},{"@type":"WebSite","@id":"https:\/\/beauteserenite.fr\/de\/#website","url":"https:\/\/beauteserenite.fr\/de\/","name":"Beaute Serenite","description":"R\u00e9v\u00e9lez votre beaut\u00e9 int\u00e9rieure et ext\u00e9rieure en toute s\u00e9r\u00e9nit\u00e9 !","potentialAction":[{"@type":"SearchAction","target":{"@type":"EntryPoint","urlTemplate":"https:\/\/beauteserenite.fr\/de\/?s={search_term_string}"},"query-input":"required name=search_term_string"}],"inLanguage":"de"}]}},"_links":{"self":[{"href":"https:\/\/beauteserenite.fr\/de\/wp-json\/wp\/v2\/pages\/1337","targetHints":{"allow":["GET"]}}],"collection":[{"href":"https:\/\/beauteserenite.fr\/de\/wp-json\/wp\/v2\/pages"}],"about":[{"href":"https:\/\/beauteserenite.fr\/de\/wp-json\/wp\/v2\/types\/page"}],"author":[{"embeddable":true,"href":"https:\/\/beauteserenite.fr\/de\/wp-json\/wp\/v2\/users\/1"}],"replies":[{"embeddable":true,"href":"https:\/\/beauteserenite.fr\/de\/wp-json\/wp\/v2\/comments?post=1337"}],"version-history":[{"count":6,"href":"https:\/\/beauteserenite.fr\/de\/wp-json\/wp\/v2\/pages\/1337\/revisions"}],"predecessor-version":[{"id":1344,"href":"https:\/\/beauteserenite.fr\/de\/wp-json\/wp\/v2\/pages\/1337\/revisions\/1344"}],"wp:attachment":[{"href":"https:\/\/beauteserenite.fr\/de\/wp-json\/wp\/v2\/media?parent=1337"}],"curies":[{"name":"wp","href":"https:\/\/api.w.org\/{rel}","templated":true}]}}