{"id":1343,"date":"2023-07-19T12:29:35","date_gmt":"2023-07-19T10:29:35","guid":{"rendered":"https:\/\/beauteserenite.fr\/willkommen-auf-meinem-blog-ueber-schoenheit-und-koerperpflege\/"},"modified":"2026-03-20T14:57:04","modified_gmt":"2026-03-20T13:57:04","slug":"willkommen-auf-meinem-blog-ueber-schoenheit-und-koerperpflege","status":"publish","type":"page","link":"https:\/\/beauteserenite.fr\/de\/willkommen-auf-meinem-blog-ueber-schoenheit-und-koerperpflege\/","title":{"rendered":"Willkommen auf meinem Blog \u00fcber Sch\u00f6nheit und K\u00f6rperpflege."},"content":{"rendered":"\n<p>In einer sich st\u00e4ndig ver\u00e4ndernden Welt ist es wichtig, sich anzupassen und Wege zu finden,<strong>unsere Lebensqualit\u00e4t zu verbessern<\/strong>.<\/p>\n\n<p>Deshalb m\u00f6chte ich Sie heute einladen, meinen Blog zu entdecken, der der Welt der Sch\u00f6nheit gewidmet ist. Es ist ein Ort, an dem ich meine Leidenschaft und meine Ratschl\u00e4ge mit Ihnen teilen m\u00f6chte, um Sie zu inspirieren und Ihren Alltag zu bereichern. <\/p>\n\n<blockquote class=\"wp-block-quote is-layout-flow wp-block-quote-is-layout-flow\">\n<div class=\"wp-block-columns is-layout-flex wp-container-core-columns-is-layout-9d6595d7 wp-block-columns-is-layout-flex\">\n<div class=\"wp-block-column is-layout-flow wp-block-column-is-layout-flow\" style=\"flex-basis:100%\">\n<blockquote class=\"wp-block-quote is-layout-flow wp-block-quote-is-layout-flow\">\n<p>Machen Sie sich bereit, die Geheimnisse zu entdecken, wie Sie sich im Alltag sch\u00f6n und selbstbewusst f\u00fchlen k\u00f6nnen!<\/p>\n<\/blockquote>\n<\/div>\n<\/div>\n<\/blockquote>\n\n<h2 class=\"wp-block-heading has-text-color\" style=\"color:#953d75\">Sch\u00f6nheit, Selbstpflege und Wohlbefinden<\/h2>\n\n<p>Die<strong> Pflege der Haut, der Haare und des K\u00f6rpers ist f\u00fcr unser allgemeines Wohlbefinden von entscheidender Bedeutung<\/strong>. Ich m\u00f6chte Ihnen daher Tipps und Ratschl\u00e4ge geben, wie Sie sich selbst pflegen k\u00f6nnen und dabei Ihre Haut und die Umwelt schonen k\u00f6nnen. Sie werden auch meine Meinungen zu verschiedenen Kosmetikprodukten und meine Sch\u00f6nheitsroutinen entdecken.  <\/p>\n\n<figure class=\"wp-block-image size-large\"><img fetchpriority=\"high\" decoding=\"async\" width=\"1024\" height=\"577\" src=\"https:\/\/www.beauteserenite.fr\/wp-content\/uploads\/2023\/07\/pbn-monopage-3-1-1024x577.jpg\" alt=\"\" class=\"wp-image-118\" srcset=\"https:\/\/beauteserenite.fr\/wp-content\/uploads\/2023\/07\/pbn-monopage-3-1-1024x577.jpg 1024w, https:\/\/beauteserenite.fr\/wp-content\/uploads\/2023\/07\/pbn-monopage-3-1-300x169.jpg 300w, https:\/\/beauteserenite.fr\/wp-content\/uploads\/2023\/07\/pbn-monopage-3-1-768x433.jpg 768w, https:\/\/beauteserenite.fr\/wp-content\/uploads\/2023\/07\/pbn-monopage-3-1-1536x865.jpg 1536w, https:\/\/beauteserenite.fr\/wp-content\/uploads\/2023\/07\/pbn-monopage-3-1-1140x642.jpg 1140w, https:\/\/beauteserenite.fr\/wp-content\/uploads\/2023\/07\/pbn-monopage-3-1.jpg 1640w\" sizes=\"(max-width: 1024px) 100vw, 1024px\" \/><\/figure>\n\n<h3 class=\"wp-block-heading has-text-color\" style=\"color:#d671af\">Rubrik Make-up<\/h3>\n\n<p>Ob Sie einen nat\u00fcrlichen Look f\u00fcr den Tag oder einen glamour\u00f6sen Look f\u00fcr einen besonderen Abend kreieren m\u00f6chten, ich f\u00fchre Sie durch die wichtigsten Schritte zu einem makellosen Make-up. Von Schritt-f\u00fcr-Schritt-Anleitungen bis hin zu den neuesten Trends bei den Kosmetikprodukten erfahren Sie, wie Sie Grundierungen f\u00fcr Ihren Hauttyp verwenden, Lidschattenpaletten, um einzigartige Looks zu kreieren, sowie Tipps f\u00fcr volle Lippen und perfekt geformte Augenbrauen. <\/p>\n\n<h3 class=\"wp-block-heading has-text-color\" style=\"color:#d671af\">Rubrik Haar<\/h3>\n\n<p>Unser Haar spielt eine wichtige Rolle f\u00fcr unser gesamtes Erscheinungsbild, und die richtige Pflege ist entscheidend f\u00fcr starkes, gesundes und gl\u00e4nzendes Haar. In diesem Blog finden Sie Tipps und Tricks f\u00fcr alle Haartypen, egal ob Sie lockiges, glattes, feines oder dickes Haar haben. Ich werde Haarroutinen f\u00fcr jeden Bedarf vorstellen, Produktempfehlungen f\u00fcr die Pflege und Feuchtigkeitsversorgung Ihres Haars geben und Ideen f\u00fcr trendige Frisuren f\u00fcr jeden Anlass pr\u00e4sentieren. Ob Sie nun eine nat\u00fcrliche Haarroutine mit biologischen Inhaltsstoffen bevorzugen oder nach professionellen Stylingprodukten suchen, hier finden Sie alle Informationen, die Sie brauchen, um Ihr Haar zum Strahlen zu bringen!   <\/p>\n\n<h3 class=\"wp-block-heading has-text-color\" style=\"color:#d671af\">Rubrik Nagelpflege<\/h3>\n\n<p>Unsere N\u00e4gel sind ein Spiegelbild unserer allgemeinen Gesundheit, und sie gepflegt und elegant zu halten ist ein wesentlicher Bestandteil unserer Sch\u00f6nheitsroutine. In diesem Abschnitt finden Sie Tipps f\u00fcr starke und gesunde N\u00e4gel sowie kreative Manik\u00fcre-Ideen, mit denen Sie sich selbst ausdr\u00fccken k\u00f6nnen. Von Tipps zur Vorbeugung von br\u00fcchigen N\u00e4geln bis hin zu Anleitungen f\u00fcr beeindruckende Nailart werden Sie inspiriert, Ihre H\u00e4nde und F\u00fc\u00dfe zu pflegen. Ich werde auch Produktempfehlungen f\u00fcr die Nagelpflege, hochwertige Nagellacke und Nailart-Zubeh\u00f6r teilen, um Ihre N\u00e4gel nach Ihren W\u00fcnschen zu versch\u00f6nern.   <\/p>\n\n<figure class=\"wp-block-image size-large\"><img decoding=\"async\" width=\"1024\" height=\"577\" src=\"https:\/\/www.beauteserenite.fr\/wp-content\/uploads\/2023\/07\/pbn-monopage-4-1024x577.jpg\" alt=\"\" class=\"wp-image-119\" srcset=\"https:\/\/beauteserenite.fr\/wp-content\/uploads\/2023\/07\/pbn-monopage-4-1024x577.jpg 1024w, https:\/\/beauteserenite.fr\/wp-content\/uploads\/2023\/07\/pbn-monopage-4-300x169.jpg 300w, https:\/\/beauteserenite.fr\/wp-content\/uploads\/2023\/07\/pbn-monopage-4-768x433.jpg 768w, https:\/\/beauteserenite.fr\/wp-content\/uploads\/2023\/07\/pbn-monopage-4-1536x865.jpg 1536w, https:\/\/beauteserenite.fr\/wp-content\/uploads\/2023\/07\/pbn-monopage-4-1140x642.jpg 1140w, https:\/\/beauteserenite.fr\/wp-content\/uploads\/2023\/07\/pbn-monopage-4.jpg 1640w\" sizes=\"(max-width: 1024px) 100vw, 1024px\" \/><\/figure>\n\n<h3 class=\"wp-block-heading has-text-color\" style=\"color:#d671af\">Gesundheit und Wohlbefinden, eine Priorit\u00e4t in unserem Leben<\/h3>\n\n<p>In dieser Rubrik m\u00f6chte ich Ihnen meine Ratschl\u00e4ge f\u00fcr eine gesunde und ausgewogene Lebensweise mitteilen. Ich m\u00f6chte Sie bei Ihrem Streben nach Wohlbefinden unterst\u00fctzen, sei es durch eine abwechslungsreiche und ausgewogene Ern\u00e4hrung, regelm\u00e4\u00dfige k\u00f6rperliche Bet\u00e4tigung oder Stressbew\u00e4ltigung. <\/p>\n\n<div class=\"wp-block-columns is-layout-flex wp-container-core-columns-is-layout-9d6595d7 wp-block-columns-is-layout-flex\">\n<div class=\"wp-block-column is-layout-flow wp-block-column-is-layout-flow\">\n<h2 class=\"wp-block-heading has-text-align-left has-text-color\" style=\"color:#953d75\">Ein pers\u00f6nlicher und authentischer Ansatz<\/h2>\n\n\n\n<p>Ich lege gro\u00dfen Wert auf Authentizit\u00e4t und Aufrichtigkeit in meinen Artikeln. Jedes Thema ist das Ergebnis meiner Erfahrungen, meiner Recherchen und meiner pers\u00f6nlichen Entdeckungen. Ich m\u00f6chte Ihnen vor allem qualitativ hochwertige Inhalte bieten, die meine Leidenschaft und meinen Wunsch widerspiegeln, mein Wissen und meine Ratschl\u00e4ge mit Ihnen zu teilen.  <\/p>\n\n\n\n<div class=\"wp-block-columns is-layout-flex wp-container-core-columns-is-layout-9d6595d7 wp-block-columns-is-layout-flex\">\n<div class=\"wp-block-column is-layout-flow wp-block-column-is-layout-flow\">\n<figure class=\"wp-block-image size-full\"><img decoding=\"async\" width=\"512\" height=\"512\" src=\"https:\/\/www.beauteserenite.fr\/wp-content\/uploads\/2023\/07\/image-1.png\" alt=\"\" class=\"wp-image-120\" srcset=\"https:\/\/beauteserenite.fr\/wp-content\/uploads\/2023\/07\/image-1.png 512w, https:\/\/beauteserenite.fr\/wp-content\/uploads\/2023\/07\/image-1-300x300.png 300w, https:\/\/beauteserenite.fr\/wp-content\/uploads\/2023\/07\/image-1-150x150.png 150w, https:\/\/beauteserenite.fr\/wp-content\/uploads\/2023\/07\/image-1-75x75.png 75w\" sizes=\"(max-width: 512px) 100vw, 512px\" \/><\/figure>\n<\/div>\n\n\n\n<div class=\"wp-block-column is-layout-flow wp-block-column-is-layout-flow\">\n<h3 class=\"wp-block-heading has-text-color\" style=\"color:#d671af\">Eine wohlwollende und solidarische Gemeinschaft<\/h3>\n\n\n\n<p>Neben den Artikeln ist dieser Blog auch ein Ort des Austauschs und der gemeinsamen Nutzung, an dem jeder seine Meinung \u00e4u\u00dfern und seinen Beitrag leisten kann. Z\u00f6gern Sie nicht, Ihre Kommentare zu hinterlassen, Ihre Fragen zu stellen oder Ihre eigenen Tipps und Erfahrungen mitzuteilen. Gemeinsam k\u00f6nnen wir eine echte Gemeinschaft rund um das Thema Sch\u00f6nheit schaffen, in der sich jeder willkommen und unterst\u00fctzt f\u00fchlt.  <\/p>\n\n\n\n<h3 class=\"wp-block-heading has-text-color\" style=\"color:#d671af\">Begleiten Sie mich auf dieser Sch\u00f6nheitspause<\/h3>\n\n\n\n<p>Ob Sie bereits ein Lifestyle-Anh\u00e4nger sind oder einfach nur neugierig, diese Welt zu entdecken, ich lade Sie ein, die verschiedenen Rubriken des Blogs zu durchst\u00f6bern und sich zu abonnieren, um keine Neuigkeiten zu verpassen.  <\/p>\n<\/div>\n<\/div>\n\n\n\n<blockquote class=\"wp-block-quote is-layout-flow wp-block-quote-is-layout-flow\">\n<p>Lassen Sie uns gemeinsam unseren Alltag zu einer Quelle der Inspiration und der pers\u00f6nlichen Entfaltung machen. Bis bald auf meiner Sch\u00f6nheitsseite. <\/p>\n<\/blockquote>\n<\/div>\n<\/div>\n\n<p class=\"has-black-color has-text-color\"><\/p>\n","protected":false},"excerpt":{"rendered":"<p>In einer sich st\u00e4ndig ver\u00e4ndernden Welt ist es wichtig, sich anzupassen und Wege zu finden,unsere Lebensqualit\u00e4t zu verbessern. Deshalb m\u00f6chte ich Sie heute einladen, meinen Blog zu entdecken, der der Welt der Sch\u00f6nheit gewidmet ist. Es ist ein Ort, an dem ich meine Leidenschaft und meine Ratschl\u00e4ge mit Ihnen teilen m\u00f6chte, um Sie zu inspirieren [&hellip;]<\/p>\n","protected":false},"author":1,"featured_media":0,"parent":0,"menu_order":0,"comment_status":"open","ping_status":"closed","template":"","meta":{"footnotes":""},"class_list":["post-1343","page","type-page","status-publish","hentry"],"yoast_head":"<!-- This site is optimized with the Yoast SEO plugin v22.6 - https:\/\/yoast.com\/wordpress\/plugins\/seo\/ -->\n<title>Willkommen auf meinem Blog \u00fcber Sch\u00f6nheit und K\u00f6rperpflege. - Beaute Serenite<\/title>\n<meta name=\"robots\" content=\"index, follow, max-snippet:-1, max-image-preview:large, max-video-preview:-1\" \/>\n<link rel=\"canonical\" href=\"https:\/\/beauteserenite.fr\/de\/willkommen-auf-meinem-blog-ueber-schoenheit-und-koerperpflege\/\" \/>\n<meta property=\"og:locale\" content=\"de_DE\" \/>\n<meta property=\"og:type\" content=\"article\" \/>\n<meta property=\"og:title\" content=\"Willkommen auf meinem Blog \u00fcber Sch\u00f6nheit und K\u00f6rperpflege. - Beaute Serenite\" \/>\n<meta property=\"og:description\" content=\"In einer sich st\u00e4ndig ver\u00e4ndernden Welt ist es wichtig, sich anzupassen und Wege zu finden,unsere Lebensqualit\u00e4t zu verbessern. Deshalb m\u00f6chte ich Sie heute einladen, meinen Blog zu entdecken, der der Welt der Sch\u00f6nheit gewidmet ist. Es ist ein Ort, an dem ich meine Leidenschaft und meine Ratschl\u00e4ge mit Ihnen teilen m\u00f6chte, um Sie zu inspirieren [&hellip;]\" \/>\n<meta property=\"og:url\" content=\"https:\/\/beauteserenite.fr\/de\/willkommen-auf-meinem-blog-ueber-schoenheit-und-koerperpflege\/\" \/>\n<meta property=\"og:site_name\" content=\"Beaute Serenite\" \/>\n<meta property=\"article:modified_time\" content=\"2026-03-20T13:57:04+00:00\" \/>\n<meta property=\"og:image\" content=\"https:\/\/www.beauteserenite.fr\/wp-content\/uploads\/2023\/07\/pbn-monopage-3-1-1024x577.jpg\" \/>\n<meta name=\"twitter:card\" content=\"summary_large_image\" \/>\n<meta name=\"twitter:label1\" content=\"Gesch\u00e4tzte Lesezeit\" \/>\n\t<meta name=\"twitter:data1\" content=\"3 Minuten\" \/>\n<script type=\"application\/ld+json\" class=\"yoast-schema-graph\">{\"@context\":\"https:\/\/schema.org\",\"@graph\":[{\"@type\":\"WebPage\",\"@id\":\"https:\/\/beauteserenite.fr\/de\/willkommen-auf-meinem-blog-ueber-schoenheit-und-koerperpflege\/\",\"url\":\"https:\/\/beauteserenite.fr\/de\/willkommen-auf-meinem-blog-ueber-schoenheit-und-koerperpflege\/\",\"name\":\"Willkommen auf meinem Blog \u00fcber Sch\u00f6nheit und K\u00f6rperpflege. - Beaute Serenite\",\"isPartOf\":{\"@id\":\"https:\/\/beauteserenite.fr\/de\/#website\"},\"primaryImageOfPage\":{\"@id\":\"https:\/\/beauteserenite.fr\/de\/willkommen-auf-meinem-blog-ueber-schoenheit-und-koerperpflege\/#primaryimage\"},\"image\":{\"@id\":\"https:\/\/beauteserenite.fr\/de\/willkommen-auf-meinem-blog-ueber-schoenheit-und-koerperpflege\/#primaryimage\"},\"thumbnailUrl\":\"https:\/\/www.beauteserenite.fr\/wp-content\/uploads\/2023\/07\/pbn-monopage-3-1-1024x577.jpg\",\"datePublished\":\"2023-07-19T10:29:35+00:00\",\"dateModified\":\"2026-03-20T13:57:04+00:00\",\"breadcrumb\":{\"@id\":\"https:\/\/beauteserenite.fr\/de\/willkommen-auf-meinem-blog-ueber-schoenheit-und-koerperpflege\/#breadcrumb\"},\"inLanguage\":\"de\",\"potentialAction\":[{\"@type\":\"ReadAction\",\"target\":[\"https:\/\/beauteserenite.fr\/de\/willkommen-auf-meinem-blog-ueber-schoenheit-und-koerperpflege\/\"]}]},{\"@type\":\"ImageObject\",\"inLanguage\":\"de\",\"@id\":\"https:\/\/beauteserenite.fr\/de\/willkommen-auf-meinem-blog-ueber-schoenheit-und-koerperpflege\/#primaryimage\",\"url\":\"https:\/\/www.beauteserenite.fr\/wp-content\/uploads\/2023\/07\/pbn-monopage-3-1-1024x577.jpg\",\"contentUrl\":\"https:\/\/www.beauteserenite.fr\/wp-content\/uploads\/2023\/07\/pbn-monopage-3-1-1024x577.jpg\"},{\"@type\":\"BreadcrumbList\",\"@id\":\"https:\/\/beauteserenite.fr\/de\/willkommen-auf-meinem-blog-ueber-schoenheit-und-koerperpflege\/#breadcrumb\",\"itemListElement\":[{\"@type\":\"ListItem\",\"position\":1,\"name\":\"Accueil\",\"item\":\"https:\/\/beauteserenite.fr\/de\/willkommen-auf-meinem-blog-ueber-schoenheit-und-koerperpflege-2\/\"},{\"@type\":\"ListItem\",\"position\":2,\"name\":\"Willkommen auf meinem Blog \u00fcber Sch\u00f6nheit und K\u00f6rperpflege.\"}]},{\"@type\":\"WebSite\",\"@id\":\"https:\/\/beauteserenite.fr\/de\/#website\",\"url\":\"https:\/\/beauteserenite.fr\/de\/\",\"name\":\"Beaute Serenite\",\"description\":\"R\u00e9v\u00e9lez votre beaut\u00e9 int\u00e9rieure et ext\u00e9rieure en toute s\u00e9r\u00e9nit\u00e9 !\",\"potentialAction\":[{\"@type\":\"SearchAction\",\"target\":{\"@type\":\"EntryPoint\",\"urlTemplate\":\"https:\/\/beauteserenite.fr\/de\/?s={search_term_string}\"},\"query-input\":\"required name=search_term_string\"}],\"inLanguage\":\"de\"}]}<\/script>\n<!-- \/ Yoast SEO plugin. -->","yoast_head_json":{"title":"Willkommen auf meinem Blog \u00fcber Sch\u00f6nheit und K\u00f6rperpflege. - Beaute Serenite","robots":{"index":"index","follow":"follow","max-snippet":"max-snippet:-1","max-image-preview":"max-image-preview:large","max-video-preview":"max-video-preview:-1"},"canonical":"https:\/\/beauteserenite.fr\/de\/willkommen-auf-meinem-blog-ueber-schoenheit-und-koerperpflege\/","og_locale":"de_DE","og_type":"article","og_title":"Willkommen auf meinem Blog \u00fcber Sch\u00f6nheit und K\u00f6rperpflege. - Beaute Serenite","og_description":"In einer sich st\u00e4ndig ver\u00e4ndernden Welt ist es wichtig, sich anzupassen und Wege zu finden,unsere Lebensqualit\u00e4t zu verbessern. Deshalb m\u00f6chte ich Sie heute einladen, meinen Blog zu entdecken, der der Welt der Sch\u00f6nheit gewidmet ist. Es ist ein Ort, an dem ich meine Leidenschaft und meine Ratschl\u00e4ge mit Ihnen teilen m\u00f6chte, um Sie zu inspirieren [&hellip;]","og_url":"https:\/\/beauteserenite.fr\/de\/willkommen-auf-meinem-blog-ueber-schoenheit-und-koerperpflege\/","og_site_name":"Beaute Serenite","article_modified_time":"2026-03-20T13:57:04+00:00","og_image":[{"url":"https:\/\/www.beauteserenite.fr\/wp-content\/uploads\/2023\/07\/pbn-monopage-3-1-1024x577.jpg"}],"twitter_card":"summary_large_image","twitter_misc":{"Gesch\u00e4tzte Lesezeit":"3 Minuten"},"schema":{"@context":"https:\/\/schema.org","@graph":[{"@type":"WebPage","@id":"https:\/\/beauteserenite.fr\/de\/willkommen-auf-meinem-blog-ueber-schoenheit-und-koerperpflege\/","url":"https:\/\/beauteserenite.fr\/de\/willkommen-auf-meinem-blog-ueber-schoenheit-und-koerperpflege\/","name":"Willkommen auf meinem Blog \u00fcber Sch\u00f6nheit und K\u00f6rperpflege. - Beaute Serenite","isPartOf":{"@id":"https:\/\/beauteserenite.fr\/de\/#website"},"primaryImageOfPage":{"@id":"https:\/\/beauteserenite.fr\/de\/willkommen-auf-meinem-blog-ueber-schoenheit-und-koerperpflege\/#primaryimage"},"image":{"@id":"https:\/\/beauteserenite.fr\/de\/willkommen-auf-meinem-blog-ueber-schoenheit-und-koerperpflege\/#primaryimage"},"thumbnailUrl":"https:\/\/www.beauteserenite.fr\/wp-content\/uploads\/2023\/07\/pbn-monopage-3-1-1024x577.jpg","datePublished":"2023-07-19T10:29:35+00:00","dateModified":"2026-03-20T13:57:04+00:00","breadcrumb":{"@id":"https:\/\/beauteserenite.fr\/de\/willkommen-auf-meinem-blog-ueber-schoenheit-und-koerperpflege\/#breadcrumb"},"inLanguage":"de","potentialAction":[{"@type":"ReadAction","target":["https:\/\/beauteserenite.fr\/de\/willkommen-auf-meinem-blog-ueber-schoenheit-und-koerperpflege\/"]}]},{"@type":"ImageObject","inLanguage":"de","@id":"https:\/\/beauteserenite.fr\/de\/willkommen-auf-meinem-blog-ueber-schoenheit-und-koerperpflege\/#primaryimage","url":"https:\/\/www.beauteserenite.fr\/wp-content\/uploads\/2023\/07\/pbn-monopage-3-1-1024x577.jpg","contentUrl":"https:\/\/www.beauteserenite.fr\/wp-content\/uploads\/2023\/07\/pbn-monopage-3-1-1024x577.jpg"},{"@type":"BreadcrumbList","@id":"https:\/\/beauteserenite.fr\/de\/willkommen-auf-meinem-blog-ueber-schoenheit-und-koerperpflege\/#breadcrumb","itemListElement":[{"@type":"ListItem","position":1,"name":"Accueil","item":"https:\/\/beauteserenite.fr\/de\/willkommen-auf-meinem-blog-ueber-schoenheit-und-koerperpflege-2\/"},{"@type":"ListItem","position":2,"name":"Willkommen auf meinem Blog \u00fcber Sch\u00f6nheit und K\u00f6rperpflege."}]},{"@type":"WebSite","@id":"https:\/\/beauteserenite.fr\/de\/#website","url":"https:\/\/beauteserenite.fr\/de\/","name":"Beaute Serenite","description":"R\u00e9v\u00e9lez votre beaut\u00e9 int\u00e9rieure et ext\u00e9rieure en toute s\u00e9r\u00e9nit\u00e9 !","potentialAction":[{"@type":"SearchAction","target":{"@type":"EntryPoint","urlTemplate":"https:\/\/beauteserenite.fr\/de\/?s={search_term_string}"},"query-input":"required name=search_term_string"}],"inLanguage":"de"}]}},"_links":{"self":[{"href":"https:\/\/beauteserenite.fr\/de\/wp-json\/wp\/v2\/pages\/1343","targetHints":{"allow":["GET"]}}],"collection":[{"href":"https:\/\/beauteserenite.fr\/de\/wp-json\/wp\/v2\/pages"}],"about":[{"href":"https:\/\/beauteserenite.fr\/de\/wp-json\/wp\/v2\/types\/page"}],"author":[{"embeddable":true,"href":"https:\/\/beauteserenite.fr\/de\/wp-json\/wp\/v2\/users\/1"}],"replies":[{"embeddable":true,"href":"https:\/\/beauteserenite.fr\/de\/wp-json\/wp\/v2\/comments?post=1343"}],"version-history":[{"count":1,"href":"https:\/\/beauteserenite.fr\/de\/wp-json\/wp\/v2\/pages\/1343\/revisions"}],"predecessor-version":[{"id":1356,"href":"https:\/\/beauteserenite.fr\/de\/wp-json\/wp\/v2\/pages\/1343\/revisions\/1356"}],"wp:attachment":[{"href":"https:\/\/beauteserenite.fr\/de\/wp-json\/wp\/v2\/media?parent=1343"}],"curies":[{"name":"wp","href":"https:\/\/api.w.org\/{rel}","templated":true}]}}